{"id":2254,"date":"2023-08-19T17:28:54","date_gmt":"2023-08-19T17:28:54","guid":{"rendered":"https:\/\/skypaqcourier.com\/?page_id=2254"},"modified":"2024-09-06T11:00:56","modified_gmt":"2024-09-06T11:00:56","slug":"blog","status":"publish","type":"page","link":"https:\/\/skypaqcourier.com\/index.php\/blog\/","title":{"rendered":"Blog"},"content":{"rendered":"\t\t<div data-elementor-type=\"wp-page\" data-elementor-id=\"2254\" class=\"elementor elementor-2254\" data-elementor-post-type=\"page\">\n\t\t\t\t<div class=\"elementor-element elementor-element-4697f71 e-flex e-con-boxed e-con e-parent\" data-id=\"4697f71\" data-element_type=\"container\" data-e-type=\"container\">\n\t\t\t\t\t<div class=\"e-con-inner\">\n\t\t\t\t<div class=\"elementor-element elementor-element-5f78357 elementor-widget elementor-widget-elementskit-blog-posts\" data-id=\"5f78357\" data-element_type=\"widget\" data-e-type=\"widget\" data-widget_type=\"elementskit-blog-posts.default\">\n\t\t\t\t<div class=\"elementor-widget-container\">\n\t\t\t\t\t<div class=\"ekit-wid-con\" >\r\n        <div id=\"post-items--5f78357\" class=\"row post-items ekit-blog-posts-content\" data-enable=\"no\">\r\n\r\n\t\t\t<!-- Blog Carousel markup render -->\r\n\t\t\t\r\n\r\n            <div class=\"col-md-12\">\r\n\r\n                                    <div class=\"elementskit-blog-block-post\">\r\n                        <div class=\"row no-gutters\">\r\n                            \r\n                            <div class=\"col-md-12 order-2\">\r\n                                <div class=\"elementskit-post-body \">\r\n                                    <div class=\"elementskit-entry-header\">\r\n                                        \r\n                                                                                                                                                                        \r\n                                            \r\n                                                                                                            <h2 class=\"entry-title\">\r\n                    <a href=\"https:\/\/skypaqcourier.com\/index.php\/2024\/08\/01\/aprovecha-el-back-to-school-con-skypaq\/\">\r\n                            \u00a1Aprovecha el Back to School con Skypaq!                    <\/a>\r\n                <\/h2>\r\n                                                                                                <\/div><!-- .elementskit-entry-header END -->\r\n\r\n                                                                            <div class=\"elementskit-post-footer\">\r\n                                                                                            <p>\u00a1Descuento Especial para el Regreso a Clases! \u00a1La temporada de regreso a clases est\u00e1 aqu\u00ed y en Skypaq queremos ayudarte a estar preparado! Durante todo el mes de agosto, disfruta de un 10% de descuento en flete por libras en todas tus compras de art\u00edculos escolares. Esta promoci\u00f3n es v\u00e1lida para todos los productos comprados [&hellip;] <\/p>\n                                                                                                                                <\/div><!-- .elementskit-post-footer END -->\r\n                                                                    <\/div><!-- .elementskit-post-body END -->\r\n                            <\/div>\r\n                        <\/div>\r\n                    <\/div><!-- .elementskit-blog-block-post .radius .gradient-bg END -->\r\n                \r\n            <\/div>\t\t\t\t\r\n\r\n            <div class=\"col-md-12\">\r\n\r\n                                    <div class=\"elementskit-blog-block-post\">\r\n                        <div class=\"row no-gutters\">\r\n                                                            <div class=\"col-md-6 order-1\">\r\n                                    <a href=\"https:\/\/skypaqcourier.com\/index.php\/2023\/10\/27\/celebrando-30-anos-de-compromiso-y-servicio-de-calidad\/\" class=\"elementskit-entry-thumb\">\r\n                                        <img decoding=\"async\" src=\"https:\/\/skypaqcourier.com\/wp-content\/uploads\/2023\/10\/3-LIBRAS-S1-1024x1024.jpg\" alt=\"\u00a1Tus primeras 3 Libras\/Flete van por nosotros!\">\r\n                                    <\/a><!-- .elementskit-entry-thumb END -->\r\n                                <\/div>\r\n                            \r\n                            <div class=\"col-md-6 order-2\">\r\n                                <div class=\"elementskit-post-body \">\r\n                                    <div class=\"elementskit-entry-header\">\r\n                                        \r\n                                                                                                                                                                        \r\n                                            \r\n                                                                                                            <h2 class=\"entry-title\">\r\n                    <a href=\"https:\/\/skypaqcourier.com\/index.php\/2023\/10\/27\/celebrando-30-anos-de-compromiso-y-servicio-de-calidad\/\">\r\n                            \u00a1Tus primeras 3 Libras\/Flete van por nosotros!                    <\/a>\r\n                <\/h2>\r\n                                                                                                <\/div><!-- .elementskit-entry-header END -->\r\n\r\n                                                                            <div class=\"elementskit-post-footer\">\r\n                                                                                            <p>En Skypaq Courier, llevamos 30 a\u00f1os conectando destinos y cumpliendo promesas. Como agradecimiento a la lealtad y confianza que nos han brindado durante todos estos a\u00f1os, estamos emocionados de presentar nuestra exclusiva promoci\u00f3n: &#8220;Tus 3 primeras libras\/flete GRATIS&#8221;. A continuaci\u00f3n, detallamos las bases de esta promoci\u00f3n: 1. Clientes Inactivos: \u00bfQui\u00e9n califica? Aquellos que no hayan [&hellip;] <\/p>\n                                                                                                                                <\/div><!-- .elementskit-post-footer END -->\r\n                                                                    <\/div><!-- .elementskit-post-body END -->\r\n                            <\/div>\r\n                        <\/div>\r\n                    <\/div><!-- .elementskit-blog-block-post .radius .gradient-bg END -->\r\n                \r\n            <\/div>\t\t\t\t\r\n\r\n            <div class=\"col-md-12\">\r\n\r\n                                    <div class=\"elementskit-blog-block-post\">\r\n                        <div class=\"row no-gutters\">\r\n                                                            <div class=\"col-md-6 order-1\">\r\n                                    <a href=\"https:\/\/skypaqcourier.com\/index.php\/2023\/08\/17\/tu-courier-en-casa\/\" class=\"elementskit-entry-thumb\">\r\n                                        <img decoding=\"async\" src=\"https:\/\/skypaqcourier.com\/wp-content\/uploads\/2023\/08\/gruffino31_delivery_guy_at_your_doorstep_with_a_big_smile_deliv_d52668d6-7766-46b7-a221-75494fe7c4d3-e1692286386323.png\" alt=\"Tu Courier En Casa\">\r\n                                    <\/a><!-- .elementskit-entry-thumb END -->\r\n                                <\/div>\r\n                            \r\n                            <div class=\"col-md-6 order-2\">\r\n                                <div class=\"elementskit-post-body \">\r\n                                    <div class=\"elementskit-entry-header\">\r\n                                        \r\n                                                                                                                                                                        \r\n                                            \r\n                                                                                                            <h2 class=\"entry-title\">\r\n                    <a href=\"https:\/\/skypaqcourier.com\/index.php\/2023\/08\/17\/tu-courier-en-casa\/\">\r\n                            Tu Courier En Casa                    <\/a>\r\n                <\/h2>\r\n                                                                                                <\/div><!-- .elementskit-entry-header END -->\r\n\r\n                                                                            <div class=\"elementskit-post-footer\">\r\n                                                                                            <p>Celebrando 30 a\u00f1os de servicio: Skypaq Courier renueva su marca El mundo del env\u00edo y entrega de paquetes ha sido testigo de innumerables cambios y evoluciones. A trav\u00e9s de estos cambios, hay una constante que se ha mantenido firme y s\u00f3lida: la promesa de Skypaq Courier de entregar cada paquete con cuidado, eficiencia y una [&hellip;] <\/p>\n                                                                                                                                <\/div><!-- .elementskit-post-footer END -->\r\n                                                                    <\/div><!-- .elementskit-post-body END -->\r\n                            <\/div>\r\n                        <\/div>\r\n                    <\/div><!-- .elementskit-blog-block-post .radius .gradient-bg END -->\r\n                \r\n            <\/div>\t\t\t\t\r\n\r\n            <div class=\"col-md-12\">\r\n\r\n                                    <div class=\"elementskit-blog-block-post\">\r\n                        <div class=\"row no-gutters\">\r\n                                                            <div class=\"col-md-6 order-1\">\r\n                                    <a href=\"https:\/\/skypaqcourier.com\/index.php\/2023\/08\/17\/proximamente-nuevas-sucursales\/\" class=\"elementskit-entry-thumb\">\r\n                                        <img decoding=\"async\" src=\"https:\/\/skypaqcourier.com\/wp-content\/uploads\/2023\/08\/gruffino31_anuncing_new_stores_3d01F5_9d7EFF_fff5d8_3a3a3a_ffff_029b3bea-d904-4eaa-b67a-b2e70e48a9b9.png\" alt=\"Pr\u00f3ximamente nuevas sucursales\">\r\n                                    <\/a><!-- .elementskit-entry-thumb END -->\r\n                                <\/div>\r\n                            \r\n                            <div class=\"col-md-6 order-2\">\r\n                                <div class=\"elementskit-post-body \">\r\n                                    <div class=\"elementskit-entry-header\">\r\n                                        \r\n                                                                                                                                                                        \r\n                                            \r\n                                                                                                            <h2 class=\"entry-title\">\r\n                    <a href=\"https:\/\/skypaqcourier.com\/index.php\/2023\/08\/17\/proximamente-nuevas-sucursales\/\">\r\n                            Pr\u00f3ximamente nuevas sucursales                    <\/a>\r\n                <\/h2>\r\n                                                                                                <\/div><!-- .elementskit-entry-header END -->\r\n\r\n                                                                            <div class=\"elementskit-post-footer\">\r\n                                                                                            <p>Celebrando 30 a\u00f1os de servicio: Skypaq Courier renueva su marca El mundo del env\u00edo y entrega de paquetes ha sido testigo de innumerables cambios y evoluciones. A trav\u00e9s de estos cambios, hay una constante que se ha mantenido firme y s\u00f3lida: la promesa de Skypaq Courier de entregar cada paquete con cuidado, eficiencia y una [&hellip;] <\/p>\n                                                                                                                                <\/div><!-- .elementskit-post-footer END -->\r\n                                                                    <\/div><!-- .elementskit-post-body END -->\r\n                            <\/div>\r\n                        <\/div>\r\n                    <\/div><!-- .elementskit-blog-block-post .radius .gradient-bg END -->\r\n                \r\n            <\/div>\t\t\t\t\r\n\r\n            <div class=\"col-md-12\">\r\n\r\n                                    <div class=\"elementskit-blog-block-post\">\r\n                        <div class=\"row no-gutters\">\r\n                                                            <div class=\"col-md-6 order-1\">\r\n                                    <a href=\"https:\/\/skypaqcourier.com\/index.php\/2023\/07\/10\/hello-world\/\" class=\"elementskit-entry-thumb\">\r\n                                        <img decoding=\"async\" src=\"https:\/\/skypaqcourier.com\/wp-content\/uploads\/2023\/07\/gruffino31_30_years_of_services_post_for_a_blog_post_using_colo_dab145e8-d71b-49ef-9891-13d76869f471.png\" alt=\"Celebrando 30 a\u00f1os de servicio Skypaq Courier renueva su marca para sus\">\r\n                                    <\/a><!-- .elementskit-entry-thumb END -->\r\n                                <\/div>\r\n                            \r\n                            <div class=\"col-md-6 order-2\">\r\n                                <div class=\"elementskit-post-body \">\r\n                                    <div class=\"elementskit-entry-header\">\r\n                                        \r\n                                                                                                                                                                        \r\n                                            \r\n                                                                                                            <h2 class=\"entry-title\">\r\n                    <a href=\"https:\/\/skypaqcourier.com\/index.php\/2023\/07\/10\/hello-world\/\">\r\n                            Celebrando 30 a\u00f1os de servicio Skypaq Courier renueva su marca para sus                    <\/a>\r\n                <\/h2>\r\n                                                                                                <\/div><!-- .elementskit-entry-header END -->\r\n\r\n                                                                            <div class=\"elementskit-post-footer\">\r\n                                                                                            <p>El mundo del env\u00edo y entrega de paquetes ha sido testigo de innumerables cambios y evoluciones. A trav\u00e9s de estos cambios, hay una constante que se ha mantenido firme y s\u00f3lida: la promesa de Skypaq Courier de entregar cada paquete con cuidado, eficiencia y una sonrisa. Este a\u00f1o, mientras conmemoramos tres d\u00e9cadas de servicio impecable, [&hellip;] <\/p>\n                                                                                                                                <\/div><!-- .elementskit-post-footer END -->\r\n                                                                    <\/div><!-- .elementskit-post-body END -->\r\n                            <\/div>\r\n                        <\/div>\r\n                    <\/div><!-- .elementskit-blog-block-post .radius .gradient-bg END -->\r\n                \r\n            <\/div>\t\t\t\t        <\/div>\r\n        \r\n        \r\n        <\/div>\t\t\t\t<\/div>\n\t\t\t\t<\/div>\n\t\t\t\t\t<\/div>\n\t\t\t\t<\/div>\n\t\t\t\t<\/div>\n\t\t","protected":false},"excerpt":{"rendered":"<p>Tu Courier En Casa Celebrando 30 a\u00f1os de servicio: Skypaq Courier renueva su marca El mundo del env\u00edo y entrega de paquetes ha sido testigo de innumerables cambios y evoluciones. A trav\u00e9s de estos cambios, hay una constante que se ha mantenido firme y s\u00f3lida: la promesa de Skypaq Courier de entregar cada paquete con [&hellip;] <\/p>\n","protected":false},"author":1,"featured_media":0,"parent":0,"menu_order":0,"comment_status":"closed","ping_status":"closed","template":"elementor_header_footer","meta":{"postBodyCss":"","postBodyMargin":[],"postBodyPadding":[],"postBodyBackground":{"backgroundType":"classic","gradient":""},"footnotes":""},"class_list":["post-2254","page","type-page","status-publish","hentry"],"aioseo_notices":[],"jetpack_sharing_enabled":true,"_links":{"self":[{"href":"https:\/\/skypaqcourier.com\/index.php\/wp-json\/wp\/v2\/pages\/2254","targetHints":{"allow":["GET"]}}],"collection":[{"href":"https:\/\/skypaqcourier.com\/index.php\/wp-json\/wp\/v2\/pages"}],"about":[{"href":"https:\/\/skypaqcourier.com\/index.php\/wp-json\/wp\/v2\/types\/page"}],"author":[{"embeddable":true,"href":"https:\/\/skypaqcourier.com\/index.php\/wp-json\/wp\/v2\/users\/1"}],"replies":[{"embeddable":true,"href":"https:\/\/skypaqcourier.com\/index.php\/wp-json\/wp\/v2\/comments?post=2254"}],"version-history":[{"count":8,"href":"https:\/\/skypaqcourier.com\/index.php\/wp-json\/wp\/v2\/pages\/2254\/revisions"}],"predecessor-version":[{"id":4192,"href":"https:\/\/skypaqcourier.com\/index.php\/wp-json\/wp\/v2\/pages\/2254\/revisions\/4192"}],"wp:attachment":[{"href":"https:\/\/skypaqcourier.com\/index.php\/wp-json\/wp\/v2\/media?parent=2254"}],"curies":[{"name":"wp","href":"https:\/\/api.w.org\/{rel}","templated":true}]}}